{"id":23,"date":"2021-02-09T04:20:02","date_gmt":"2021-02-09T04:20:02","guid":{"rendered":"https:\/\/avve-ec.com\/ec\/?page_id=23"},"modified":"2021-02-24T03:55:58","modified_gmt":"2021-02-24T03:55:58","slug":"avve-quito-y-guayaquil","status":"publish","type":"page","link":"https:\/\/avve-ec.com\/ec\/avve-quito-y-guayaquil\/","title":{"rendered":"Avve Quito y Guayaquil"},"content":{"rendered":"<div class=\"wpb-content-wrapper\">[vc_row css=&#8221;.vc_custom_1613788626635{padding-top: 0px !important;padding-bottom: 0px !important;}&#8221; mobile_bg_img_hidden=&#8221;no&#8221; tablet_bg_img_hidden=&#8221;no&#8221; woodmart_parallax=&#8221;0&#8243; woodmart_gradient_switch=&#8221;no&#8221; row_reverse_mobile=&#8221;0&#8243; row_reverse_tablet=&#8221;0&#8243; woodmart_disable_overflow=&#8221;0&#8243;][vc_column mobile_bg_img_hidden=&#8221;no&#8221; tablet_bg_img_hidden=&#8221;no&#8221; woodmart_parallax=&#8221;0&#8243; woodmart_sticky_column=&#8221;false&#8221; parallax_scroll=&#8221;no&#8221; mobile_reset_margin=&#8221;no&#8221; tablet_reset_margin=&#8221;no&#8221;][vc_column_text text_larger=&#8221;no&#8221;]\r\n<style data-type=\"vc_shortcodes-custom-css\">.vc_custom_1612915626728{padding-top: 0px !important;padding-bottom: 0px !important;background-image: url(https:\/\/avve-ec.com\/ec\/wp-content\/uploads\/2021\/02\/sepia_01.jpg?id=141) !important;background-position: center !important;background-repeat: no-repeat !important;background-size: cover !important;}.vc_custom_1613871591966{padding-top: 100px !important;padding-bottom: 100px !important;}<\/style><div class=\"wpb-content-wrapper\">[vc_row full_width=\"stretch_row_content_no_spaces\" content_placement=\"top\" mobile_bg_img_hidden=\"no\" tablet_bg_img_hidden=\"no\" woodmart_parallax=\"0\" woodmart_gradient_switch=\"no\" row_reverse_mobile=\"0\" row_reverse_tablet=\"0\" woodmart_disable_overflow=\"0\" css=\".vc_custom_1612915626728{padding-top: 0px !important;padding-bottom: 0px !important;background-image: url(https:\/\/avve-ec.com\/ec\/wp-content\/uploads\/2021\/02\/sepia_01.jpg?id=141) !important;background-position: center !important;background-repeat: no-repeat !important;background-size: cover !important;}\"][vc_column][vc_empty_space woodmart_hide_large=\"0\" woodmart_hide_medium=\"0\" woodmart_hide_small=\"0\" woodmart_hide_extra_small=\"0\"][vc_custom_heading text=\"AVVE Quito\" font_container=\"tag:div|font_size:36|text_align:center|color:%23ffffff|line_height:1\" google_fonts=\"font_family:Prata%3Aregular|font_style:400%20regular%3A400%3Anormal\" el_class=\"fijo\" css=\".vc_custom_1613871591966{padding-top: 100px !important;padding-bottom: 100px !important;}\"][\/vc_column][\/vc_row]<\/div><!-- \/wp:html --><\/p>\r\n<p><!-- wp:the-grid\/grid {\"name\":\"avve quito-guayaquil\"} \/-->[\/vc_column_text][\/vc_column][\/vc_row][vc_row][vc_column width=&#8221;1\/6&#8243;][\/vc_column][vc_column width=&#8221;2\/3&#8243;][vc_empty_space height=&#8221;20px&#8221; woodmart_hide_large=&#8221;0&#8243; woodmart_hide_medium=&#8221;0&#8243; woodmart_hide_small=&#8221;0&#8243; woodmart_hide_extra_small=&#8221;0&#8243;][vc_column_text text_larger=&#8221;yes&#8221;]\r\n<p style=\"text-align: center;\">AVVE cuenta con un nutrido fondo fotogr\u00e1fico que recoge informaci\u00f3n, sobretodo visual, de la vestimenta ecuatoriana. Actualmente reserva im\u00e1genes sobre arquetipos vestimentarios de Ambato (La Ambate\u00f1ita primorosa y el Altivo Ambate\u00f1o) y un archivo por catalogar sobre Quito.<\/p>\r\n<p style=\"text-align: center;\">El Archivo busca incrementar su fondo a partir de la idea de colecciones vestimentarias con las que se pueda ofrecer un panorama amplio y profundo sobre el vestido ecuatoriano y sobre el Ecuador a trav\u00e9s de procesos hist\u00f3ricos y contempor\u00e1neos.<\/p>\r\n[\/vc_column_text][vc_empty_space woodmart_hide_large=&#8221;0&#8243; woodmart_hide_medium=&#8221;0&#8243; woodmart_hide_small=&#8221;0&#8243; woodmart_hide_extra_small=&#8221;0&#8243;][\/vc_column][vc_column width=&#8221;1\/6&#8243;][\/vc_column][\/vc_row][vc_row][vc_column width=&#8221;1\/4&#8243;][\/vc_column][vc_column width=&#8221;1\/2&#8243;][vc_raw_html]JTVCdGhlX2dyaWQlMjBuYW1lJTNEJTIyYXZ2ZSUyMHF1aXRvLWd1YXlhcXVpbCUyMiU1RA==[\/vc_raw_html][\/vc_column][vc_column width=&#8221;1\/4&#8243;][\/vc_column][\/vc_row]<\/div>","protected":false},"excerpt":{"rendered":"<p>[vc_row css=&#8221;.vc_custom_1613788626635{padding-top: 0px !important;padding-bottom: 0px !important;}&#8221; mobile_bg_img_hidden=&#8221;no&#8221; tablet_bg_img_hidden=&#8221;no&#8221; woodmart_parallax=&#8221;0&#8243; woodmart_gradient_switch=&#8221;no&#8221; row_reverse_mobile=&#8221;0&#8243; row_reverse_tablet=&#8221;0&#8243; woodmart_disable_overflow=&#8221;0&#8243;][vc_column mobile_bg_img_hidden=&#8221;no&#8221; tablet_bg_img_hidden=&#8221;no&#8221; woodmart_parallax=&#8221;0&#8243; woodmart_sticky_column=&#8221;false&#8221; parallax_scroll=&#8221;no&#8221; mobile_reset_margin=&#8221;no&#8221; tablet_reset_margin=&#8221;no&#8221;][vc_column_text<\/p>\n","protected":false},"author":1,"featured_media":0,"parent":0,"menu_order":0,"comment_status":"closed","ping_status":"closed","template":"","meta":{"footnotes":""},"class_list":["post-23","page","type-page","status-publish","format-standard","hentry"],"_links":{"self":[{"href":"https:\/\/avve-ec.com\/ec\/wp-json\/wp\/v2\/pages\/23","targetHints":{"allow":["GET"]}}],"collection":[{"href":"https:\/\/avve-ec.com\/ec\/wp-json\/wp\/v2\/pages"}],"about":[{"href":"https:\/\/avve-ec.com\/ec\/wp-json\/wp\/v2\/types\/page"}],"author":[{"embeddable":true,"href":"https:\/\/avve-ec.com\/ec\/wp-json\/wp\/v2\/users\/1"}],"replies":[{"embeddable":true,"href":"https:\/\/avve-ec.com\/ec\/wp-json\/wp\/v2\/comments?post=23"}],"version-history":[{"count":40,"href":"https:\/\/avve-ec.com\/ec\/wp-json\/wp\/v2\/pages\/23\/revisions"}],"predecessor-version":[{"id":1208,"href":"https:\/\/avve-ec.com\/ec\/wp-json\/wp\/v2\/pages\/23\/revisions\/1208"}],"wp:attachment":[{"href":"https:\/\/avve-ec.com\/ec\/wp-json\/wp\/v2\/media?parent=23"}],"curies":[{"name":"wp","href":"https:\/\/api.w.org\/{rel}","templated":true}]}}