{"id":221,"date":"2021-02-13T02:22:30","date_gmt":"2021-02-13T02:22:30","guid":{"rendered":"https:\/\/avve-ec.com\/ec\/?page_id=221"},"modified":"2021-02-24T03:55:31","modified_gmt":"2021-02-24T03:55:31","slug":"altivo-ambateno","status":"publish","type":"page","link":"https:\/\/avve-ec.com\/ec\/altivo-ambateno\/","title":{"rendered":"Altivo Ambate\u00f1o"},"content":{"rendered":"<div class=\"wpb-content-wrapper\">[vc_row][vc_column][vc_raw_html]JTVCaHRtbF9ibG9jayUyMGlkJTNEJTIyNTc2JTIyJTVE[\/vc_raw_html][vc_empty_space woodmart_hide_large=&#8221;0&#8243; woodmart_hide_medium=&#8221;0&#8243; woodmart_hide_small=&#8221;0&#8243; woodmart_hide_extra_small=&#8221;0&#8243;][\/vc_column][\/vc_row][vc_row][vc_column width=&#8221;1\/6&#8243;][\/vc_column][vc_column width=&#8221;2\/3&#8243;][vc_empty_space height=&#8221;20px&#8221; woodmart_hide_large=&#8221;0&#8243; woodmart_hide_medium=&#8221;0&#8243; woodmart_hide_small=&#8221;0&#8243; woodmart_hide_extra_small=&#8221;0&#8243;][vc_column_text text_larger=&#8221;no&#8221;]\n<p style=\"text-align: center;\">AVVE cuenta con un nutrido fondo fotogr\u00e1fico que recoge informaci\u00f3n, sobretodo visual, de la vestimenta ecuatoriana. Actualmente reserva im\u00e1genes sobre arquetipos vestimentarios de Ambato (La Ambate\u00f1ita primorosa y el Altivo Ambate\u00f1o) y un archivo por catalogar sobre Quito.<\/p>\n<p style=\"text-align: center;\">El Archivo busca incrementar su fondo a partir de la idea de colecciones vestimentarias con las que se pueda ofrecer un panorama amplio y profundo sobre el vestido ecuatoriano y sobre el Ecuador a trav\u00e9s de procesos hist\u00f3ricos y contempor\u00e1neos.<\/p>\n[\/vc_column_text][vc_empty_space woodmart_hide_large=&#8221;0&#8243; woodmart_hide_medium=&#8221;0&#8243; woodmart_hide_small=&#8221;0&#8243; woodmart_hide_extra_small=&#8221;0&#8243;][\/vc_column][vc_column width=&#8221;1\/6&#8243;][\/vc_column][\/vc_row][vc_row mobile_bg_img_hidden=&#8221;no&#8221; tablet_bg_img_hidden=&#8221;no&#8221; woodmart_parallax=&#8221;0&#8243; woodmart_gradient_switch=&#8221;no&#8221; row_reverse_mobile=&#8221;0&#8243; row_reverse_tablet=&#8221;0&#8243; woodmart_disable_overflow=&#8221;0&#8243;][vc_column width=&#8221;1\/4&#8243;][\/vc_column][vc_column width=&#8221;1\/2&#8243;][vc_raw_html]JTVCdGhlX2dyaWQlMjBuYW1lJTNEJTIyYWx0aXZvJTIwYW1iYXRlJUMzJUIxbyUyMiU1RA==[\/vc_raw_html][\/vc_column][vc_column width=&#8221;1\/4&#8243;][\/vc_column][\/vc_row]\n<\/div>","protected":false},"excerpt":{"rendered":"<p>[vc_row][vc_column][vc_raw_html]JTVCaHRtbF9ibG9jayUyMGlkJTNEJTIyNTc2JTIyJTVE[\/vc_raw_html][vc_empty_space woodmart_hide_large=&#8221;0&#8243; woodmart_hide_medium=&#8221;0&#8243; woodmart_hide_small=&#8221;0&#8243; woodmart_hide_extra_small=&#8221;0&#8243;][\/vc_column][\/vc_row][vc_row][vc_column width=&#8221;1\/6&#8243;][\/vc_column][vc_column width=&#8221;2\/3&#8243;][vc_empty_space height=&#8221;20px&#8221; woodmart_hide_large=&#8221;0&#8243; woodmart_hide_medium=&#8221;0&#8243; woodmart_hide_small=&#8221;0&#8243; woodmart_hide_extra_small=&#8221;0&#8243;][vc_column_text text_larger=&#8221;no&#8221;] AVVE cuenta con un nutrido fondo fotogr\u00e1fico<\/p>\n","protected":false},"author":1,"featured_media":0,"parent":0,"menu_order":0,"comment_status":"closed","ping_status":"closed","template":"","meta":{"footnotes":""},"class_list":["post-221","page","type-page","status-publish","format-standard","hentry"],"_links":{"self":[{"href":"https:\/\/avve-ec.com\/ec\/wp-json\/wp\/v2\/pages\/221","targetHints":{"allow":["GET"]}}],"collection":[{"href":"https:\/\/avve-ec.com\/ec\/wp-json\/wp\/v2\/pages"}],"about":[{"href":"https:\/\/avve-ec.com\/ec\/wp-json\/wp\/v2\/types\/page"}],"author":[{"embeddable":true,"href":"https:\/\/avve-ec.com\/ec\/wp-json\/wp\/v2\/users\/1"}],"replies":[{"embeddable":true,"href":"https:\/\/avve-ec.com\/ec\/wp-json\/wp\/v2\/comments?post=221"}],"version-history":[{"count":42,"href":"https:\/\/avve-ec.com\/ec\/wp-json\/wp\/v2\/pages\/221\/revisions"}],"predecessor-version":[{"id":1207,"href":"https:\/\/avve-ec.com\/ec\/wp-json\/wp\/v2\/pages\/221\/revisions\/1207"}],"wp:attachment":[{"href":"https:\/\/avve-ec.com\/ec\/wp-json\/wp\/v2\/media?parent=221"}],"curies":[{"name":"wp","href":"https:\/\/api.w.org\/{rel}","templated":true}]}}