{"id":1305,"date":"2021-03-03T01:39:34","date_gmt":"2021-03-03T01:39:34","guid":{"rendered":"https:\/\/avve-ec.com\/ec\/?page_id=1305"},"modified":"2021-03-09T02:40:26","modified_gmt":"2021-03-09T02:40:26","slug":"quienes-somos","status":"publish","type":"page","link":"https:\/\/avve-ec.com\/ec\/quienes-somos\/","title":{"rendered":"Quienes somos"},"content":{"rendered":"<div class=\"wpb-content-wrapper\">[vc_row][vc_column]\n\t\t\t<!-- START Slider 1 REVOLUTION SLIDER 6.5.21 --><p class=\"rs-p-wp-fix\"><\/p>\n\t\t\t<rs-module-wrap id=\"rev_slider_1_1_wrapper\" data-source=\"gallery\" style=\"visibility:hidden;background:transparent;padding:0;margin:0px auto;margin-top:0;margin-bottom:0;\">\n\t\t\t\t<rs-module id=\"rev_slider_1_1\" style=\"\" data-version=\"6.5.21\">\n\t\t\t\t\t<rs-slides>\n\t\t\t\t\t\t<rs-slide style=\"position: absolute;\" data-key=\"rs-1\" data-title=\"Slide\" data-thumb=\"\/\/avve-ec.com\/ec\/wp-content\/uploads\/2021\/02\/Parque-Montalvo-1910-50x100.jpg\" data-anim=\"ms:1000;r:0;\" data-in=\"o:0;\" data-out=\"a:false;\">\n\t\t\t\t\t\t\t<img loading=\"lazy\" decoding=\"async\" src=\"\/\/avve-ec.com\/ec\/wp-content\/plugins\/revslider\/public\/assets\/assets\/dummy.png\" alt=\"\" title=\"Parque-Montalvo-1910\" width=\"1752\" height=\"721\" class=\"rev-slidebg tp-rs-img rs-lazyload\" data-lazyload=\"\/\/avve-ec.com\/ec\/wp-content\/uploads\/2021\/02\/Parque-Montalvo-1910.jpg\" data-no-retina>\n<!--\n\t\t\t\t\t\t\t--><rs-layer\n\t\t\t\t\t\t\t\tid=\"slider-1-slide-1-layer-0\" \n\t\t\t\t\t\t\t\tdata-type=\"text\"\n\t\t\t\t\t\t\t\tdata-color=\"#ffffff\"\n\t\t\t\t\t\t\t\tdata-rsp_ch=\"on\"\n\t\t\t\t\t\t\t\tdata-xy=\"x:436px;y:360px;\"\n\t\t\t\t\t\t\t\tdata-text=\"w:normal;\"\n\t\t\t\t\t\t\t\tdata-frame_999=\"o:0;st:w;\"\n\t\t\t\t\t\t\t\tstyle=\"z-index:5;font-family:'Roboto';\"\n\t\t\t\t\t\t\t>Archivo Visual de la Vestimenta Ecuatoriana \n\t\t\t\t\t\t\t<\/rs-layer><!--\n\n\t\t\t\t\t\t\t--><rs-layer\n\t\t\t\t\t\t\t\tid=\"slider-1-slide-1-layer-1\" \n\t\t\t\t\t\t\t\tdata-type=\"text\"\n\t\t\t\t\t\t\t\tdata-color=\"#ffffff\"\n\t\t\t\t\t\t\t\tdata-rsp_ch=\"on\"\n\t\t\t\t\t\t\t\tdata-xy=\"x:c;xo:20px;y:389px;\"\n\t\t\t\t\t\t\t\tdata-text=\"w:normal;s:20;a:center;\"\n\t\t\t\t\t\t\t\tdata-dim=\"w:623px;h:100px;\"\n\t\t\t\t\t\t\t\tdata-frame_999=\"o:0;st:w;\"\n\t\t\t\t\t\t\t\tstyle=\"z-index:6;font-family:'Prata';\"\n\t\t\t\t\t\t\t>Parque Montalvo. Ambato. Rodolfo Pe\u00f1a Echaiz, Carmen Puga, familia y amigos. Fondo Archivo Hist\u00f3rico del Guayas \n\t\t\t\t\t\t\t<\/rs-layer><!--\n-->\t\t\t\t\t\t<\/rs-slide>\n\t\t\t\t\t\t<rs-slide style=\"position: absolute;\" data-key=\"rs-2\" data-title=\"Slide\" data-thumb=\"\/\/avve-ec.com\/ec\/wp-content\/uploads\/2021\/02\/banner_principal_02_sepia-50x100.jpg\" data-anim=\"ms:1000;r:0;\" data-in=\"o:0;\" data-out=\"a:false;\">\n\t\t\t\t\t\t\t<img loading=\"lazy\" decoding=\"async\" src=\"\/\/avve-ec.com\/ec\/wp-content\/plugins\/revslider\/public\/assets\/assets\/dummy.png\" alt=\"\" title=\"banner_principal_02_sepia\" width=\"1752\" height=\"721\" class=\"rev-slidebg tp-rs-img rs-lazyload\" data-lazyload=\"\/\/avve-ec.com\/ec\/wp-content\/uploads\/2021\/02\/banner_principal_02_sepia.jpg\" data-no-retina>\n<!--\n\t\t\t\t\t\t\t--><rs-layer\n\t\t\t\t\t\t\t\tid=\"slider-1-slide-2-layer-0\" \n\t\t\t\t\t\t\t\tdata-type=\"text\"\n\t\t\t\t\t\t\t\tdata-color=\"#ffffff\"\n\t\t\t\t\t\t\t\tdata-rsp_ch=\"on\"\n\t\t\t\t\t\t\t\tdata-xy=\"x:436px;y:360px;\"\n\t\t\t\t\t\t\t\tdata-text=\"w:normal;\"\n\t\t\t\t\t\t\t\tdata-frame_999=\"o:0;st:w;\"\n\t\t\t\t\t\t\t\tstyle=\"z-index:9;font-family:'Roboto';\"\n\t\t\t\t\t\t\t>Archivo Visual de la Vestimenta Ecuatoriana \n\t\t\t\t\t\t\t<\/rs-layer><!--\n\n\t\t\t\t\t\t\t--><rs-layer\n\t\t\t\t\t\t\t\tid=\"slider-1-slide-2-layer-1\" \n\t\t\t\t\t\t\t\tdata-type=\"text\"\n\t\t\t\t\t\t\t\tdata-color=\"#ffffff\"\n\t\t\t\t\t\t\t\tdata-rsp_ch=\"on\"\n\t\t\t\t\t\t\t\tdata-xy=\"x:c;xo:31px;y:389px;\"\n\t\t\t\t\t\t\t\tdata-text=\"w:normal;s:30;\"\n\t\t\t\t\t\t\t\tdata-dim=\"w:569px;\"\n\t\t\t\t\t\t\t\tdata-frame_999=\"o:0;st:w;\"\n\t\t\t\t\t\t\t\tstyle=\"z-index:10;font-family:'Prata';\"\n\t\t\t\t\t\t\t>SANDY Cosecha de Vi\u00f1edos. A\u00f1o 1940 \n\t\t\t\t\t\t\t<\/rs-layer><!--\n\n\t\t\t\t\t\t\t--><rs-layer\n\t\t\t\t\t\t\t\tid=\"slider-1-slide-2-layer-4\" \n\t\t\t\t\t\t\t\tdata-type=\"image\"\n\t\t\t\t\t\t\t\tdata-rsp_ch=\"on\"\n\t\t\t\t\t\t\t\tdata-xy=\"x:-419px;y:371px;\"\n\t\t\t\t\t\t\t\tdata-text=\"w:normal;\"\n\t\t\t\t\t\t\t\tdata-dim=\"w:2130px;h:3px;\"\n\t\t\t\t\t\t\t\tdata-frame_999=\"o:0;st:w;\"\n\t\t\t\t\t\t\t\tstyle=\"z-index:11;\"\n\t\t\t\t\t\t\t><img loading=\"lazy\" decoding=\"async\" src=\"\/\/avve-ec.com\/ec\/wp-content\/plugins\/revslider\/public\/assets\/assets\/dummy.png\" alt=\"\" class=\"tp-rs-img rs-lazyload\" width=\"2130\" height=\"3\" data-lazyload=\"\/\/avve-ec.com\/ec\/wp-content\/uploads\/2021\/02\/lena02.png\" data-no-retina> \n\t\t\t\t\t\t\t<\/rs-layer><!--\n-->\t\t\t\t\t\t<\/rs-slide>\n\t\t\t\t\t\t<rs-slide style=\"position: absolute;\" data-key=\"rs-3\" data-title=\"Slide\" data-thumb=\"\/\/avve-ec.com\/ec\/wp-content\/uploads\/2021\/02\/02-50x100.jpg\" data-anim=\"ms:1000;r:0;\" data-in=\"o:0;\" data-out=\"a:false;\">\n\t\t\t\t\t\t\t<img loading=\"lazy\" decoding=\"async\" src=\"\/\/avve-ec.com\/ec\/wp-content\/plugins\/revslider\/public\/assets\/assets\/dummy.png\" alt=\"\" title=\"02\" width=\"1752\" height=\"721\" class=\"rev-slidebg tp-rs-img rs-lazyload\" data-lazyload=\"\/\/avve-ec.com\/ec\/wp-content\/uploads\/2021\/02\/02.jpg\" data-no-retina>\n<!--\n\t\t\t\t\t\t\t--><rs-layer\n\t\t\t\t\t\t\t\tid=\"slider-1-slide-3-layer-0\" \n\t\t\t\t\t\t\t\tdata-type=\"text\"\n\t\t\t\t\t\t\t\tdata-color=\"#ffffff\"\n\t\t\t\t\t\t\t\tdata-rsp_ch=\"on\"\n\t\t\t\t\t\t\t\tdata-xy=\"x:436px;y:360px;\"\n\t\t\t\t\t\t\t\tdata-text=\"w:normal;\"\n\t\t\t\t\t\t\t\tdata-frame_999=\"o:0;st:w;\"\n\t\t\t\t\t\t\t\tstyle=\"z-index:9;font-family:'Roboto';\"\n\t\t\t\t\t\t\t>Archivo Visual de la Vestimenta Ecuatoriana \n\t\t\t\t\t\t\t<\/rs-layer><!--\n\n\t\t\t\t\t\t\t--><rs-layer\n\t\t\t\t\t\t\t\tid=\"slider-1-slide-3-layer-1\" \n\t\t\t\t\t\t\t\tdata-type=\"text\"\n\t\t\t\t\t\t\t\tdata-color=\"#ffffff\"\n\t\t\t\t\t\t\t\tdata-rsp_ch=\"on\"\n\t\t\t\t\t\t\t\tdata-xy=\"x:c;xo:27px;y:387px;\"\n\t\t\t\t\t\t\t\tdata-text=\"w:normal;s:30;\"\n\t\t\t\t\t\t\t\tdata-dim=\"w:405px;\"\n\t\t\t\t\t\t\t\tdata-frame_999=\"o:0;st:w;\"\n\t\t\t\t\t\t\t\tstyle=\"z-index:10;font-family:'Prata';\"\n\t\t\t\t\t\t\t>Desfile en Patate a\u00f1o 1947 \n\t\t\t\t\t\t\t<\/rs-layer><!--\n\n\t\t\t\t\t\t\t--><rs-layer\n\t\t\t\t\t\t\t\tid=\"slider-1-slide-3-layer-4\" \n\t\t\t\t\t\t\t\tdata-type=\"image\"\n\t\t\t\t\t\t\t\tdata-rsp_ch=\"on\"\n\t\t\t\t\t\t\t\tdata-xy=\"x:-419px;y:371px;\"\n\t\t\t\t\t\t\t\tdata-text=\"w:normal;\"\n\t\t\t\t\t\t\t\tdata-dim=\"w:2130px;h:3px;\"\n\t\t\t\t\t\t\t\tdata-frame_999=\"o:0;st:w;\"\n\t\t\t\t\t\t\t\tstyle=\"z-index:11;\"\n\t\t\t\t\t\t\t><img loading=\"lazy\" decoding=\"async\" src=\"\/\/avve-ec.com\/ec\/wp-content\/plugins\/revslider\/public\/assets\/assets\/dummy.png\" alt=\"\" class=\"tp-rs-img rs-lazyload\" width=\"2130\" height=\"3\" data-lazyload=\"\/\/avve-ec.com\/ec\/wp-content\/uploads\/2021\/02\/lena02.png\" data-no-retina> \n\t\t\t\t\t\t\t<\/rs-layer><!--\n-->\t\t\t\t\t\t<\/rs-slide>\n\t\t\t\t\t\t<rs-slide style=\"position: absolute;\" data-key=\"rs-4\" data-title=\"Slide\" data-thumb=\"\/\/avve-ec.com\/ec\/wp-content\/uploads\/2021\/02\/banner_principal_04_sepia-50x100.jpg\" data-anim=\"ms:1000;r:0;\" data-in=\"o:0;\" data-out=\"a:false;\">\n\t\t\t\t\t\t\t<img loading=\"lazy\" decoding=\"async\" src=\"\/\/avve-ec.com\/ec\/wp-content\/plugins\/revslider\/public\/assets\/assets\/dummy.png\" alt=\"\" title=\"banner_principal_04_sepia\" width=\"1752\" height=\"721\" class=\"rev-slidebg tp-rs-img rs-lazyload\" data-lazyload=\"\/\/avve-ec.com\/ec\/wp-content\/uploads\/2021\/02\/banner_principal_04_sepia.jpg\" data-no-retina>\n<!--\n\t\t\t\t\t\t\t--><rs-layer\n\t\t\t\t\t\t\t\tid=\"slider-1-slide-4-layer-0\" \n\t\t\t\t\t\t\t\tdata-type=\"text\"\n\t\t\t\t\t\t\t\tdata-color=\"#ffffff\"\n\t\t\t\t\t\t\t\tdata-rsp_ch=\"on\"\n\t\t\t\t\t\t\t\tdata-xy=\"x:436px;y:360px;\"\n\t\t\t\t\t\t\t\tdata-text=\"w:normal;\"\n\t\t\t\t\t\t\t\tdata-frame_999=\"o:0;st:w;\"\n\t\t\t\t\t\t\t\tstyle=\"z-index:9;font-family:'Roboto';\"\n\t\t\t\t\t\t\t>Archivo Visual de la Vestimenta Ecuatoriana \n\t\t\t\t\t\t\t<\/rs-layer><!--\n\n\t\t\t\t\t\t\t--><rs-layer\n\t\t\t\t\t\t\t\tid=\"slider-1-slide-4-layer-1\" \n\t\t\t\t\t\t\t\tdata-type=\"text\"\n\t\t\t\t\t\t\t\tdata-color=\"#ffffff\"\n\t\t\t\t\t\t\t\tdata-rsp_ch=\"on\"\n\t\t\t\t\t\t\t\tdata-xy=\"x:c;xo:30px;y:386px;\"\n\t\t\t\t\t\t\t\tdata-text=\"w:normal;s:30;\"\n\t\t\t\t\t\t\t\tdata-dim=\"w:868px;\"\n\t\t\t\t\t\t\t\tdata-frame_999=\"o:0;st:w;\"\n\t\t\t\t\t\t\t\tstyle=\"z-index:10;font-family:'Prata';\"\n\t\t\t\t\t\t\t>Damnificadas en carpas en la poblaci\u00f3n de Patate A\u00f1o 1949 \n\t\t\t\t\t\t\t<\/rs-layer><!--\n\n\t\t\t\t\t\t\t--><rs-layer\n\t\t\t\t\t\t\t\tid=\"slider-1-slide-4-layer-4\" \n\t\t\t\t\t\t\t\tdata-type=\"image\"\n\t\t\t\t\t\t\t\tdata-rsp_ch=\"on\"\n\t\t\t\t\t\t\t\tdata-xy=\"x:-419px;y:371px;\"\n\t\t\t\t\t\t\t\tdata-text=\"w:normal;\"\n\t\t\t\t\t\t\t\tdata-dim=\"w:2130px;h:3px;\"\n\t\t\t\t\t\t\t\tdata-frame_999=\"o:0;st:w;\"\n\t\t\t\t\t\t\t\tstyle=\"z-index:11;\"\n\t\t\t\t\t\t\t><img loading=\"lazy\" decoding=\"async\" src=\"\/\/avve-ec.com\/ec\/wp-content\/plugins\/revslider\/public\/assets\/assets\/dummy.png\" alt=\"\" class=\"tp-rs-img rs-lazyload\" width=\"2130\" height=\"3\" data-lazyload=\"\/\/avve-ec.com\/ec\/wp-content\/uploads\/2021\/02\/lena02.png\" data-no-retina> \n\t\t\t\t\t\t\t<\/rs-layer><!--\n-->\t\t\t\t\t\t<\/rs-slide>\n\t\t\t\t\t<\/rs-slides>\n\t\t\t\t<\/rs-module>\n\t\t\t\t<script>\n\t\t\t\t\tsetREVStartSize({c: 'rev_slider_1_1',rl:[1240,1024,778,480],el:[600],gw:[1240],gh:[600],type:'standard',justify:'',layout:'fullwidth',mh:\"0\"});if (window.RS_MODULES!==undefined && window.RS_MODULES.modules!==undefined && window.RS_MODULES.modules[\"revslider11\"]!==undefined) {window.RS_MODULES.modules[\"revslider11\"].once = false;window.revapi1 = undefined;if (window.RS_MODULES.checkMinimal!==undefined) window.RS_MODULES.checkMinimal()}\n\t\t\t\t<\/script>\n\t\t\t<\/rs-module-wrap>\n\t\t\t<!-- END REVOLUTION SLIDER -->\n[\/vc_column][\/vc_row][vc_row][vc_column][vc_empty_space woodmart_hide_large=&#8221;0&#8243; woodmart_hide_medium=&#8221;0&#8243; woodmart_hide_small=&#8221;0&#8243; woodmart_hide_extra_small=&#8221;0&#8243;][vc_text_separator title=&#8221;Somos AVVE&#8221;][vc_custom_heading text=&#8221;Archivo Visual de la Vestimenta Ecuatoriana&#8221; font_container=&#8221;tag:p|font_size:36|text_align:center|color:%23686868&#8243; google_fonts=&#8221;font_family:Prata%3Aregular|font_style:400%20regular%3A400%3Anormal&#8221;][\/vc_column][\/vc_row][vc_row][vc_column][vc_empty_space woodmart_hide_large=&#8221;0&#8243; woodmart_hide_medium=&#8221;0&#8243; woodmart_hide_small=&#8221;0&#8243; woodmart_hide_extra_small=&#8221;0&#8243;][vc_row_inner][vc_column_inner width=&#8221;1\/2&#8243;][vc_column_text text_larger=&#8221;no&#8221;]<strong>Sobre el archivo\u2026<\/strong><\/p>\n<p><strong>\u00a0<\/strong>El Archivo Visual de la Vestimenta Ecuatoriana \u2013 Avve \u2013 nace como un espacio de interpretaci\u00f3n para la memoria hist\u00f3rica y social del traje ecuatoriano. El mismo tiene como objetivo no solo catalogar, sino convertirse en un instrumento de difusi\u00f3n y circulaci\u00f3n de la vestimenta ecuatoriana, en aras de democratizar el acceso a la documentaci\u00f3n hist\u00f3rica del vestido ecuatoriano. A m\u00e1s de exponer colecciones vestimentarias en un acervo de visualidades, el archivo se complementa con: documentos bibliogr\u00e1ficos, dossier de representaciones t\u00e9cnicas en 2D y 3D, e ilustraciones de la vestimenta estudiada. Pone al alcance un material visual valioso de inter\u00e9s para diversos actores sociales como: estudiantes, estudiosos, profesionales, curadores, investigadores y la comunidad en general.<\/p>\n<p><strong>Sobre las fuentes visuales\u2026<\/strong><\/p>\n<p>El archivo Avve se alimenta de visualidades, lo visual se relaciona con determinados aspectos hist\u00f3ricos y culturales que determinan los modos de ver que hacen referencia a elementos simb\u00f3licos y materiales que no son neutrales. La base importante de esta investigaci\u00f3n problematiza la inclusi\u00f3n del an\u00e1lisis de im\u00e1genes en la investigaci\u00f3n social, en suma, esta investigaci\u00f3n se consolida en un corpus basado principalmente en registros visuales. \u00c9stos se obtuvieron a partir de b\u00fasquedas en archivos, bibliotecas, centros fotogr\u00e1ficos, peri\u00f3dicos locales y colecciones privadas. En ese camino, la historia del arte sugiere que la representaci\u00f3n visual -como forma de percepci\u00f3n y cognici\u00f3n- intervenga en la manera en que el sujeto reconoce, representa su propio cuerpo y el de sus semejantes; proceso de lucha que implica toda construcci\u00f3n de las identidades y otredades.[\/vc_column_text][\/vc_column_inner][vc_column_inner width=&#8221;1\/2&#8243;][vc_column_text text_larger=&#8221;no&#8221;]<strong>Sobre la memoria vestimentaria\u2026<\/strong><\/p>\n<p>La vestimenta como objeto de la cultura material encarna las ideolog\u00edas del sujeto en un contexto y espacio determinado y la moda \u2013que en sentido estricto se refiere al cambio vestimentario- \u00a0caracteriza a un fen\u00f3meno social. Entonces, el vestido es una representaci\u00f3n social que a trav\u00e9s del <em>habitus<\/em> de sus portadores y del contexto expresa particularidades producidas por la sociedad y sus clases. Los usos sociales del vestir como pr\u00e1ctica contextuada requieren de una revisi\u00f3n hist\u00f3rica y social. Bajo el inter\u00e9s por estudiar el objeto vestimentario se establece como principales categor\u00edas de an\u00e1lisis al tipo humano y los usos sociales del vestir. Dado que todas las culturas visten sus cuerpos, hacen de sus vestiduras, una marca cultural y distintivo de un orden social.<\/p>\n<p>El archivo Avve se construye con la finalidad de preservar la memoria de la vestimenta ecuatoriana, consiente que la construcci\u00f3n de la identidad se nutre de elementos simb\u00f3licos como las memorias colectivas y el patrimonio tangible e intangible y que la circulaci\u00f3n de estos elementos se impulsa mediante pol\u00edticas de fomento a la investigaci\u00f3n en archivos y fondos especializados. La exhibici\u00f3n de las colecciones vestimentarias presentada a trav\u00e9s de piezas visuales lo convierten\u00a0 en\u00a0 un medio eficaz de difusi\u00f3n cultural. Dilucidar las significaciones inmersas en el estudio de vestido ecuatoriano en diversas temporalidades, permite vivificar la memoria patrimonial impl\u00edcita en uno de sus elementos: el vestido.<\/p>\n<p>Ta\u00f1a E. Escobar G.[\/vc_column_text][\/vc_column_inner][\/vc_row_inner][\/vc_column][\/vc_row][vc_row][vc_column][vc_empty_space woodmart_hide_large=&#8221;0&#8243; woodmart_hide_medium=&#8221;0&#8243; woodmart_hide_small=&#8221;0&#8243; woodmart_hide_extra_small=&#8221;0&#8243;][\/vc_column][\/vc_row]\n<\/div>","protected":false},"excerpt":{"rendered":"<p>[vc_row][vc_column][\/vc_column][\/vc_row][vc_row][vc_column][vc_empty_space woodmart_hide_large=&#8221;0&#8243; woodmart_hide_medium=&#8221;0&#8243; woodmart_hide_small=&#8221;0&#8243; woodmart_hide_extra_small=&#8221;0&#8243;][vc_text_separator title=&#8221;Somos AVVE&#8221;][vc_custom_heading text=&#8221;Archivo Visual de la Vestimenta Ecuatoriana&#8221; font_container=&#8221;tag:p|font_size:36|text_align:center|color:%23686868&#8243; google_fonts=&#8221;font_family:Prata%3Aregular|font_style:400%20regular%3A400%3Anormal&#8221;][\/vc_column][\/vc_row][vc_row][vc_column][vc_empty_space woodmart_hide_large=&#8221;0&#8243; woodmart_hide_medium=&#8221;0&#8243; woodmart_hide_small=&#8221;0&#8243; woodmart_hide_extra_small=&#8221;0&#8243;][vc_row_inner][vc_column_inner width=&#8221;1\/2&#8243;][vc_column_text<\/p>\n","protected":false},"author":1,"featured_media":0,"parent":0,"menu_order":0,"comment_status":"closed","ping_status":"closed","template":"","meta":{"footnotes":""},"class_list":["post-1305","page","type-page","status-publish","format-standard","hentry"],"_links":{"self":[{"href":"https:\/\/avve-ec.com\/ec\/wp-json\/wp\/v2\/pages\/1305","targetHints":{"allow":["GET"]}}],"collection":[{"href":"https:\/\/avve-ec.com\/ec\/wp-json\/wp\/v2\/pages"}],"about":[{"href":"https:\/\/avve-ec.com\/ec\/wp-json\/wp\/v2\/types\/page"}],"author":[{"embeddable":true,"href":"https:\/\/avve-ec.com\/ec\/wp-json\/wp\/v2\/users\/1"}],"replies":[{"embeddable":true,"href":"https:\/\/avve-ec.com\/ec\/wp-json\/wp\/v2\/comments?post=1305"}],"version-history":[{"count":9,"href":"https:\/\/avve-ec.com\/ec\/wp-json\/wp\/v2\/pages\/1305\/revisions"}],"predecessor-version":[{"id":1418,"href":"https:\/\/avve-ec.com\/ec\/wp-json\/wp\/v2\/pages\/1305\/revisions\/1418"}],"wp:attachment":[{"href":"https:\/\/avve-ec.com\/ec\/wp-json\/wp\/v2\/media?parent=1305"}],"curies":[{"name":"wp","href":"https:\/\/api.w.org\/{rel}","templated":true}]}}